{"id":1218,"date":"2021-06-29T11:29:27","date_gmt":"2021-06-29T09:29:27","guid":{"rendered":"https:\/\/metamorfos.de\/?page_id=1218"},"modified":"2025-10-17T08:29:51","modified_gmt":"2025-10-17T06:29:51","slug":"leitbild","status":"publish","type":"page","link":"https:\/\/metamorfos.de\/index.php\/about\/leitbild\/","title":{"rendered":"Leitbild"},"content":{"rendered":"<p>[vc_row][vc_column][vc_row_inner][vc_column_inner width=&#8221;1\/3&#8243;][vc_single_image image=&#8221;1567&#8243; img_size=&#8221;300&#215;300&#8243;][\/vc_column_inner][vc_column_inner width=&#8221;1\/3&#8243;][vc_single_image image=&#8221;1572&#8243; img_size=&#8221;300&#215;300&#8243;][\/vc_column_inner][vc_column_inner width=&#8221;1\/3&#8243;][vc_single_image image=&#8221;1570&#8243; img_size=&#8221;300&#215;300&#8243;][\/vc_column_inner][\/vc_row_inner][vc_column_text]<\/p>\n<h1><\/h1>\n<h1 style=\"text-align: center;\">Unsere Philosophie<\/h1>\n<p>&nbsp;<\/p>\n<p style=\"text-align: center;\">Metamorfos ist die schwedische Bezeichnung f\u00fcr Metamorphose, sprich Umgestaltung, Verwandlung.<br \/>\nWir lieben die Klarheit und die Funktionalit\u00e4t des skandinavischen Stils und so arbeiten wir auch: offene Kommunikation ohne Schnickschnack und ein<br \/>\nansprechendes aber auch praktisches Design sind uns sehr wichtig.<\/p>\n<p style=\"text-align: center;\"><strong>Wir gestalten Lebensr\u00e4ume.<\/strong> In unseren R\u00e4umen soll man leben k\u00f6nnen. Wir kombinieren \u00c4sthetik und Funktionalit\u00e4t.<\/p>\n<p style=\"text-align: center;\"><strong>Wir respektieren unsere KundInnen und ihr Eigentum.<\/strong> Uns ist bewusst, dass unsere KundInnen uns Einblicke in ihren h\u00f6chstpers\u00f6nlichen Bereich gew\u00e4hren.<br \/>\nDaher gehen wir respektvoll mit dem uns entgegengebrachten Vertrauen um.<\/p>\n<p style=\"text-align: center;\"><strong>Wir arbeiten unabh\u00e4ngig.<\/strong> Das hei\u00dft, wir bekommen keine Provision von Herstellern. Wir sind ausschlie\u00dflich im Auftrag unserer KundInnen unterwegs und<br \/>\nunser Ziel ist es, Sie gl\u00fccklich zu machen.<\/p>\n<p style=\"text-align: center;\"><strong>Wir \u00fcbernehmen Verantwortung.<\/strong> Durch ein m\u00f6glichst papierloses B\u00fcro und nachhaltige Einrichtungsalternativen, m\u00f6chten wir ressourcenschonend arbeiten.<\/p>\n<p style=\"text-align: center;\"><strong>Wir sind Tr\u00e4umer<\/strong> und Tr\u00e4umer kennen keine Grenzen. Wir versuchen allen W\u00fcnschen gerecht zu werden und auch Au\u00dfergew\u00f6hnliches umzusetzen.<br \/>\nSollten wir mal nicht weiterwissen, scheuen wir uns nicht davor Unterst\u00fctzung ins Boot zu holen.[\/vc_column_text][\/vc_column][\/vc_row]<\/p>\n","protected":false},"excerpt":{"rendered":"<p>[vc_row][vc_column][vc_row_inner][vc_column_inner width=&#8221;1\/3&#8243;][vc_single_image image=&#8221;1567&#8243; img_size=&#8221;300&#215;300&#8243;][\/vc_column_inner][vc_column_inner width=&#8221;1\/3&#8243;][vc_single_image image=&#8221;1572&#8243; img_size=&#8221;300&#215;300&#8243;][\/vc_column_inner][vc_column_inner width=&#8221;1\/3&#8243;][vc_single_image image=&#8221;1570&#8243; img_size=&#8221;300&#215;300&#8243;][\/vc_column_inner][\/vc_row_inner][vc_column_text] Unsere Philosophie &nbsp; Metamorfos ist die schwedische Bezeichnung f\u00fcr Metamorphose, sprich Umgestaltung, Verwandlung. Wir lieben die Klarheit und die Funktionalit\u00e4t des skandinavischen Stils und so arbeiten wir auch: offene Kommunikation ohne Schnickschnack und ein ansprechendes aber auch praktisches Design sind uns sehr wichtig. Wir gestalten [&hellip;]<\/p>\n","protected":false},"author":1,"featured_media":0,"parent":1196,"menu_order":0,"comment_status":"closed","ping_status":"closed","template":"","meta":{"footnotes":""},"class_list":["post-1218","page","type-page","status-publish","hentry"],"yoast_head":"<!-- This site is optimized with the Yoast SEO plugin v27.6 - https:\/\/yoast.com\/product\/yoast-seo-wordpress\/ -->\n<title>Leitbild - Metamorfos Raumgestaltung<\/title>\n<meta name=\"description\" content=\"Wir lieben die Klarheit und die Funktionalit\u00e4t des skandinavischen Stils und so arbeiten wir auch: offene Kommunikation ohne Schnickschnack und ein ansprechendes aber auch funktionelles Design sind uns sehr wichtig.\" \/>\n<meta name=\"robots\" content=\"index, follow, max-snippet:-1, max-image-preview:large, max-video-preview:-1\" \/>\n<link rel=\"canonical\" href=\"https:\/\/metamorfos.de\/index.php\/about\/leitbild\/\" \/>\n<meta property=\"og:locale\" content=\"de_DE\" \/>\n<meta property=\"og:type\" content=\"article\" \/>\n<meta property=\"og:title\" content=\"Leitbild - Metamorfos Raumgestaltung\" \/>\n<meta property=\"og:description\" content=\"Wir lieben die Klarheit und die Funktionalit\u00e4t des skandinavischen Stils und so arbeiten wir auch: offene Kommunikation ohne Schnickschnack und ein ansprechendes aber auch funktionelles Design sind uns sehr wichtig.\" \/>\n<meta property=\"og:url\" content=\"https:\/\/metamorfos.de\/index.php\/about\/leitbild\/\" \/>\n<meta property=\"og:site_name\" content=\"Metamorfos Raumgestaltung\" \/>\n<meta property=\"article:modified_time\" content=\"2025-10-17T06:29:51+00:00\" \/>\n<meta name=\"twitter:card\" content=\"summary_large_image\" \/>\n<meta name=\"twitter:label1\" content=\"Gesch\u00e4tzte Lesezeit\" \/>\n\t<meta name=\"twitter:data1\" content=\"2\u00a0Minuten\" \/>\n<script type=\"application\/ld+json\" class=\"yoast-schema-graph\">{\"@context\":\"https:\\\/\\\/schema.org\",\"@graph\":[{\"@type\":\"WebPage\",\"@id\":\"https:\\\/\\\/metamorfos.de\\\/index.php\\\/about\\\/leitbild\\\/\",\"url\":\"https:\\\/\\\/metamorfos.de\\\/index.php\\\/about\\\/leitbild\\\/\",\"name\":\"Leitbild - Metamorfos Raumgestaltung\",\"isPartOf\":{\"@id\":\"https:\\\/\\\/metamorfos.de\\\/#website\"},\"datePublished\":\"2021-06-29T09:29:27+00:00\",\"dateModified\":\"2025-10-17T06:29:51+00:00\",\"description\":\"Wir lieben die Klarheit und die Funktionalit\u00e4t des skandinavischen Stils und so arbeiten wir auch: offene Kommunikation ohne Schnickschnack und ein ansprechendes aber auch funktionelles Design sind uns sehr wichtig.\",\"breadcrumb\":{\"@id\":\"https:\\\/\\\/metamorfos.de\\\/index.php\\\/about\\\/leitbild\\\/#breadcrumb\"},\"inLanguage\":\"de\",\"potentialAction\":[{\"@type\":\"ReadAction\",\"target\":[\"https:\\\/\\\/metamorfos.de\\\/index.php\\\/about\\\/leitbild\\\/\"]}]},{\"@type\":\"BreadcrumbList\",\"@id\":\"https:\\\/\\\/metamorfos.de\\\/index.php\\\/about\\\/leitbild\\\/#breadcrumb\",\"itemListElement\":[{\"@type\":\"ListItem\",\"position\":1,\"name\":\"Startseite\",\"item\":\"https:\\\/\\\/metamorfos.de\\\/\"},{\"@type\":\"ListItem\",\"position\":2,\"name\":\"\u00dcber Mich\",\"item\":\"https:\\\/\\\/metamorfos.de\\\/index.php\\\/about\\\/\"},{\"@type\":\"ListItem\",\"position\":3,\"name\":\"Leitbild\"}]},{\"@type\":\"WebSite\",\"@id\":\"https:\\\/\\\/metamorfos.de\\\/#website\",\"url\":\"https:\\\/\\\/metamorfos.de\\\/\",\"name\":\"Metamorfos Raumgestaltung\",\"description\":\"HomeStaging &amp; Interior Design\",\"publisher\":{\"@id\":\"https:\\\/\\\/metamorfos.de\\\/#organization\"},\"potentialAction\":[{\"@type\":\"SearchAction\",\"target\":{\"@type\":\"EntryPoint\",\"urlTemplate\":\"https:\\\/\\\/metamorfos.de\\\/?s={search_term_string}\"},\"query-input\":{\"@type\":\"PropertyValueSpecification\",\"valueRequired\":true,\"valueName\":\"search_term_string\"}}],\"inLanguage\":\"de\"},{\"@type\":\"Organization\",\"@id\":\"https:\\\/\\\/metamorfos.de\\\/#organization\",\"name\":\"Metamorfos\",\"url\":\"https:\\\/\\\/metamorfos.de\\\/\",\"logo\":{\"@type\":\"ImageObject\",\"inLanguage\":\"de\",\"@id\":\"https:\\\/\\\/metamorfos.de\\\/#\\\/schema\\\/logo\\\/image\\\/\",\"url\":\"https:\\\/\\\/i2.wp.com\\\/metamorfos.de\\\/wp-content\\\/uploads\\\/2021\\\/04\\\/web_logo_METAMORFOS_vertikal.png?fit=1200%2C275&ssl=1\",\"contentUrl\":\"https:\\\/\\\/i2.wp.com\\\/metamorfos.de\\\/wp-content\\\/uploads\\\/2021\\\/04\\\/web_logo_METAMORFOS_vertikal.png?fit=1200%2C275&ssl=1\",\"width\":1200,\"height\":275,\"caption\":\"Metamorfos\"},\"image\":{\"@id\":\"https:\\\/\\\/metamorfos.de\\\/#\\\/schema\\\/logo\\\/image\\\/\"},\"sameAs\":[\"https:\\\/\\\/www.instagram.com\\\/metamorfos.raumgestaltung\\\/\"]}]}<\/script>\n<!-- \/ Yoast SEO plugin. -->","yoast_head_json":{"title":"Leitbild - Metamorfos Raumgestaltung","description":"Wir lieben die Klarheit und die Funktionalit\u00e4t des skandinavischen Stils und so arbeiten wir auch: offene Kommunikation ohne Schnickschnack und ein ansprechendes aber auch funktionelles Design sind uns sehr wichtig.","robots":{"index":"index","follow":"follow","max-snippet":"max-snippet:-1","max-image-preview":"max-image-preview:large","max-video-preview":"max-video-preview:-1"},"canonical":"https:\/\/metamorfos.de\/index.php\/about\/leitbild\/","og_locale":"de_DE","og_type":"article","og_title":"Leitbild - Metamorfos Raumgestaltung","og_description":"Wir lieben die Klarheit und die Funktionalit\u00e4t des skandinavischen Stils und so arbeiten wir auch: offene Kommunikation ohne Schnickschnack und ein ansprechendes aber auch funktionelles Design sind uns sehr wichtig.","og_url":"https:\/\/metamorfos.de\/index.php\/about\/leitbild\/","og_site_name":"Metamorfos Raumgestaltung","article_modified_time":"2025-10-17T06:29:51+00:00","twitter_card":"summary_large_image","twitter_misc":{"Gesch\u00e4tzte Lesezeit":"2\u00a0Minuten"},"schema":{"@context":"https:\/\/schema.org","@graph":[{"@type":"WebPage","@id":"https:\/\/metamorfos.de\/index.php\/about\/leitbild\/","url":"https:\/\/metamorfos.de\/index.php\/about\/leitbild\/","name":"Leitbild - Metamorfos Raumgestaltung","isPartOf":{"@id":"https:\/\/metamorfos.de\/#website"},"datePublished":"2021-06-29T09:29:27+00:00","dateModified":"2025-10-17T06:29:51+00:00","description":"Wir lieben die Klarheit und die Funktionalit\u00e4t des skandinavischen Stils und so arbeiten wir auch: offene Kommunikation ohne Schnickschnack und ein ansprechendes aber auch funktionelles Design sind uns sehr wichtig.","breadcrumb":{"@id":"https:\/\/metamorfos.de\/index.php\/about\/leitbild\/#breadcrumb"},"inLanguage":"de","potentialAction":[{"@type":"ReadAction","target":["https:\/\/metamorfos.de\/index.php\/about\/leitbild\/"]}]},{"@type":"BreadcrumbList","@id":"https:\/\/metamorfos.de\/index.php\/about\/leitbild\/#breadcrumb","itemListElement":[{"@type":"ListItem","position":1,"name":"Startseite","item":"https:\/\/metamorfos.de\/"},{"@type":"ListItem","position":2,"name":"\u00dcber Mich","item":"https:\/\/metamorfos.de\/index.php\/about\/"},{"@type":"ListItem","position":3,"name":"Leitbild"}]},{"@type":"WebSite","@id":"https:\/\/metamorfos.de\/#website","url":"https:\/\/metamorfos.de\/","name":"Metamorfos Raumgestaltung","description":"HomeStaging &amp; Interior Design","publisher":{"@id":"https:\/\/metamorfos.de\/#organization"},"potentialAction":[{"@type":"SearchAction","target":{"@type":"EntryPoint","urlTemplate":"https:\/\/metamorfos.de\/?s={search_term_string}"},"query-input":{"@type":"PropertyValueSpecification","valueRequired":true,"valueName":"search_term_string"}}],"inLanguage":"de"},{"@type":"Organization","@id":"https:\/\/metamorfos.de\/#organization","name":"Metamorfos","url":"https:\/\/metamorfos.de\/","logo":{"@type":"ImageObject","inLanguage":"de","@id":"https:\/\/metamorfos.de\/#\/schema\/logo\/image\/","url":"https:\/\/i2.wp.com\/metamorfos.de\/wp-content\/uploads\/2021\/04\/web_logo_METAMORFOS_vertikal.png?fit=1200%2C275&ssl=1","contentUrl":"https:\/\/i2.wp.com\/metamorfos.de\/wp-content\/uploads\/2021\/04\/web_logo_METAMORFOS_vertikal.png?fit=1200%2C275&ssl=1","width":1200,"height":275,"caption":"Metamorfos"},"image":{"@id":"https:\/\/metamorfos.de\/#\/schema\/logo\/image\/"},"sameAs":["https:\/\/www.instagram.com\/metamorfos.raumgestaltung\/"]}]}},"jetpack-related-posts":[],"jetpack_sharing_enabled":true,"_links":{"self":[{"href":"https:\/\/metamorfos.de\/index.php\/wp-json\/wp\/v2\/pages\/1218","targetHints":{"allow":["GET"]}}],"collection":[{"href":"https:\/\/metamorfos.de\/index.php\/wp-json\/wp\/v2\/pages"}],"about":[{"href":"https:\/\/metamorfos.de\/index.php\/wp-json\/wp\/v2\/types\/page"}],"author":[{"embeddable":true,"href":"https:\/\/metamorfos.de\/index.php\/wp-json\/wp\/v2\/users\/1"}],"replies":[{"embeddable":true,"href":"https:\/\/metamorfos.de\/index.php\/wp-json\/wp\/v2\/comments?post=1218"}],"version-history":[{"count":20,"href":"https:\/\/metamorfos.de\/index.php\/wp-json\/wp\/v2\/pages\/1218\/revisions"}],"predecessor-version":[{"id":1574,"href":"https:\/\/metamorfos.de\/index.php\/wp-json\/wp\/v2\/pages\/1218\/revisions\/1574"}],"up":[{"embeddable":true,"href":"https:\/\/metamorfos.de\/index.php\/wp-json\/wp\/v2\/pages\/1196"}],"wp:attachment":[{"href":"https:\/\/metamorfos.de\/index.php\/wp-json\/wp\/v2\/media?parent=1218"}],"curies":[{"name":"wp","href":"https:\/\/api.w.org\/{rel}","templated":true}]}}