{"id":1013,"date":"2021-04-23T07:09:58","date_gmt":"2021-04-23T07:09:58","guid":{"rendered":"https:\/\/metamorfos.de\/?page_id=1013"},"modified":"2024-01-16T16:19:28","modified_gmt":"2024-01-16T15:19:28","slug":"impressum","status":"publish","type":"page","link":"https:\/\/metamorfos.de\/index.php\/impressum\/","title":{"rendered":"Impressum"},"content":{"rendered":"<div class=\"impressum\">\n<h1>Impressum<\/h1>\n<p>&nbsp;<\/p>\n<p>Angaben gem\u00e4\u00df \u00a7 5 TMG<\/p>\n<p>Lisa Portner<br \/>\nN\u00fcrnberger Str. 43<br \/>\n93155 Hemau<\/p>\n<p><strong>Vertreten durch: <\/strong><br \/>\nLisa Portner<\/p>\n<p><strong>Kontakt:<\/strong><br \/>\nTelefon: +49 941 20063385<br \/>\nE-Mail: <a href=\"mailto:hallo@metamorfos.de\">hallo@metamorfos.de<\/a><\/p>\n<p><strong>Umsatzsteuer-ID: <\/strong><br \/>\nUmsatzsteuer-Identifikationsnummer gem\u00e4\u00df \u00a727a Umsatzsteuergesetz: DE343557652<\/p>\n<p><strong>Verantwortlich f\u00fcr den Inhalt nach \u00a7 55 Abs. 2 RStV:<\/strong><br \/>\nLisa Portner<br \/>\nN\u00fcrnberger Str. 43<br \/>\n93155 Hemau<\/p>\n<p><strong>Datenschutz-Hinweis<\/strong><\/p>\n<p>Datenschutz-Hinweis: F\u00fcr Ihren Website-Besuch und Kontaktaufnahme \u00fcber unsere angegebenen Kontaktdaten\/-m\u00f6glichkeiten (Telefon, Messenger, E-Mail, Kontaktformular, Postadresse) gilt hinsichtlich des allgemeinen Datenschutzes, der Verarbeitung &amp; Speicherung Ihrer personenbezogenen Daten und ggf. Widerspruch unsere Datenschutzerkl\u00e4rung unter <a href=\"https:\/\/metamorfos.de\/index.php\/datenschutz\/\">https:\/\/metamorfos.de\/index.php\/datenschutz\/<\/a>.<\/p>\n<p><strong>Haftungsausschluss: <\/strong><\/p>\n<p><strong>Haftung f\u00fcr Inhalte<\/strong><\/p>\n<p>Die Inhalte unserer Seiten wurden mit gr\u00f6\u00dfter Sorgfalt erstellt. F\u00fcr die Richtigkeit, Vollst\u00e4ndigkeit und Aktualit\u00e4t der Inhalte k\u00f6nnen wir jedoch keine Gew\u00e4hr \u00fcbernehmen. Als Diensteanbieter sind wir gem\u00e4\u00df \u00a7 7 Abs.1 TMG f\u00fcr eigene Inhalte auf diesen Seiten nach den allgemeinen Gesetzen verantwortlich. Nach \u00a7\u00a7 8 bis 10 TMG sind wir als Diensteanbieter jedoch nicht verpflichtet, \u00fcbermittelte oder gespeicherte fremde Informationen zu \u00fcberwachen oder nach Umst\u00e4nden zu forschen, die auf eine rechtswidrige T\u00e4tigkeit hinweisen. Verpflichtungen zur Entfernung oder Sperrung der Nutzung von Informationen nach den allgemeinen Gesetzen bleiben hiervon unber\u00fchrt. Eine diesbez\u00fcgliche Haftung ist jedoch erst ab dem Zeitpunkt der Kenntnis einer konkreten Rechtsverletzung m\u00f6glich. Bei Bekanntwerden von entsprechenden Rechtsverletzungen werden wir diese Inhalte umgehend entfernen.<\/p>\n<p><strong>Haftung f\u00fcr Links<\/strong><\/p>\n<p>Unser Angebot enth\u00e4lt Links zu externen Webseiten Dritter, auf deren Inhalte wir keinen Einfluss haben. Deshalb k\u00f6nnen wir f\u00fcr diese fremden Inhalte auch keine Gew\u00e4hr \u00fcbernehmen. F\u00fcr die Inhalte der verlinkten Seiten ist stets der jeweilige Anbieter oder Betreiber der Seiten verantwortlich. Die verlinkten Seiten wurden zum Zeitpunkt der Verlinkung auf m\u00f6gliche Rechtsverst\u00f6\u00dfe \u00fcberpr\u00fcft. Rechtswidrige Inhalte waren zum Zeitpunkt der Verlinkung nicht erkennbar. Eine permanente inhaltliche Kontrolle der verlinkten Seiten ist jedoch ohne konkrete Anhaltspunkte einer Rechtsverletzung nicht zumutbar. Bei Bekanntwerden von Rechtsverletzungen werden wir derartige Links umgehend entfernen.<\/p>\n<p><strong>Urheberrecht<\/strong><\/p>\n<p>Die durch die Seitenbetreiber erstellten Inhalte und Werke auf diesen Seiten unterliegen dem deutschen Urheberrecht. Die Vervielf\u00e4ltigung, Bearbeitung, Verbreitung und jede Art der Verwertung au\u00dferhalb der Grenzen des Urheberrechtes bed\u00fcrfen der schriftlichen Zustimmung des jeweiligen Autors bzw. Erstellers. Downloads und Kopien dieser Seite sind nur f\u00fcr den privaten, nicht kommerziellen Gebrauch gestattet. Soweit die Inhalte auf dieser Seite nicht vom Betreiber erstellt wurden, werden die Urheberrechte Dritter beachtet. Insbesondere werden Inhalte Dritter als solche gekennzeichnet. Sollten Sie trotzdem auf eine Urheberrechtsverletzung aufmerksam werden, bitten wir um einen entsprechenden Hinweis. Bei Bekanntwerden von Rechtsverletzungen werden wir derartige Inhalte umgehend entfernen.<\/p>\n<\/div>\n<p><strong>Bildnachweis<\/strong><\/p>\n<div class=\"impressum\">\n<p><strong>Logo:<\/strong> <a href=\"https:\/\/www.ankerplatz-hamburg.de\/\">ankerplatz \u2013 Kommunikation f\u00fcr Umwelt | Gesellschaft | Kultur<\/a><br \/>\n<strong>Portrait Lisa Portner:<\/strong> Sarah Jana Portner<br \/>\n<strong>Zielscheibe: <\/strong>Engin Akyurt, <a style=\"font-size: 1rem;\" href=\"https:\/\/www.pexels.com\/\">Pexels.com\u00a0<\/a><br \/>\n<strong>Schreibtisch mit Laptop:<\/strong> <a href=\"https:\/\/contentpixie.com\/\">Content Pixie<\/a>, <a style=\"font-size: 1rem;\" href=\"https:\/\/www.pexels.com\/\">Pexels.com\u00a0<\/a><br \/>\n<strong>Sessel gelb mit Pflanze:<\/strong> Ksenia Chernaya, <a style=\"font-size: 1rem;\" href=\"https:\/\/www.pexels.com\/\">Pexels.com\u00a0<\/a><br \/>\n<strong>Alle weiteren Bilder:<\/strong> Lisa Portner<\/p>\n<p>&nbsp;<\/p>\n<\/div>\n","protected":false},"excerpt":{"rendered":"<p>Impressum &nbsp; Angaben gem\u00e4\u00df \u00a7 5 TMG Lisa Portner N\u00fcrnberger Str. 43 93155 Hemau Vertreten durch: Lisa Portner Kontakt: Telefon: +49 941 20063385 E-Mail: hallo@metamorfos.de Umsatzsteuer-ID: Umsatzsteuer-Identifikationsnummer gem\u00e4\u00df \u00a727a Umsatzsteuergesetz: DE343557652 Verantwortlich f\u00fcr den Inhalt nach \u00a7 55 Abs. 2 RStV: Lisa Portner N\u00fcrnberger Str. 43 93155 Hemau Datenschutz-Hinweis Datenschutz-Hinweis: F\u00fcr Ihren Website-Besuch und Kontaktaufnahme [&hellip;]<\/p>\n","protected":false},"author":1,"featured_media":0,"parent":0,"menu_order":0,"comment_status":"closed","ping_status":"closed","template":"","meta":{"footnotes":""},"class_list":["post-1013","page","type-page","status-publish","hentry"],"yoast_head":"<!-- This site is optimized with the Yoast SEO plugin v27.3 - https:\/\/yoast.com\/product\/yoast-seo-wordpress\/ -->\n<title>Impressum - Metamorfos Raumgestaltung<\/title>\n<meta name=\"description\" content=\"Impressum von Metamorfos Raumgestaltung Lisa Portner.\" \/>\n<meta name=\"robots\" content=\"index, follow, max-snippet:-1, max-image-preview:large, max-video-preview:-1\" \/>\n<link rel=\"canonical\" href=\"https:\/\/metamorfos.de\/index.php\/impressum\/\" \/>\n<meta property=\"og:locale\" content=\"de_DE\" \/>\n<meta property=\"og:type\" content=\"article\" \/>\n<meta property=\"og:title\" content=\"Impressum - Metamorfos Raumgestaltung\" \/>\n<meta property=\"og:description\" content=\"Impressum von Metamorfos Raumgestaltung Lisa Portner.\" \/>\n<meta property=\"og:url\" content=\"https:\/\/metamorfos.de\/index.php\/impressum\/\" \/>\n<meta property=\"og:site_name\" content=\"Metamorfos Raumgestaltung\" \/>\n<meta property=\"article:modified_time\" content=\"2024-01-16T15:19:28+00:00\" \/>\n<meta name=\"twitter:card\" content=\"summary_large_image\" \/>\n<meta name=\"twitter:label1\" content=\"Gesch\u00e4tzte Lesezeit\" \/>\n\t<meta name=\"twitter:data1\" content=\"3\u00a0Minuten\" \/>\n<script type=\"application\/ld+json\" class=\"yoast-schema-graph\">{\"@context\":\"https:\\\/\\\/schema.org\",\"@graph\":[{\"@type\":\"WebPage\",\"@id\":\"https:\\\/\\\/metamorfos.de\\\/index.php\\\/impressum\\\/\",\"url\":\"https:\\\/\\\/metamorfos.de\\\/index.php\\\/impressum\\\/\",\"name\":\"Impressum - Metamorfos Raumgestaltung\",\"isPartOf\":{\"@id\":\"https:\\\/\\\/metamorfos.de\\\/#website\"},\"datePublished\":\"2021-04-23T07:09:58+00:00\",\"dateModified\":\"2024-01-16T15:19:28+00:00\",\"description\":\"Impressum von Metamorfos Raumgestaltung Lisa Portner.\",\"breadcrumb\":{\"@id\":\"https:\\\/\\\/metamorfos.de\\\/index.php\\\/impressum\\\/#breadcrumb\"},\"inLanguage\":\"de\",\"potentialAction\":[{\"@type\":\"ReadAction\",\"target\":[\"https:\\\/\\\/metamorfos.de\\\/index.php\\\/impressum\\\/\"]}]},{\"@type\":\"BreadcrumbList\",\"@id\":\"https:\\\/\\\/metamorfos.de\\\/index.php\\\/impressum\\\/#breadcrumb\",\"itemListElement\":[{\"@type\":\"ListItem\",\"position\":1,\"name\":\"Startseite\",\"item\":\"https:\\\/\\\/metamorfos.de\\\/\"},{\"@type\":\"ListItem\",\"position\":2,\"name\":\"Impressum\"}]},{\"@type\":\"WebSite\",\"@id\":\"https:\\\/\\\/metamorfos.de\\\/#website\",\"url\":\"https:\\\/\\\/metamorfos.de\\\/\",\"name\":\"Metamorfos Raumgestaltung\",\"description\":\"HomeStaging &amp; Interior Design\",\"publisher\":{\"@id\":\"https:\\\/\\\/metamorfos.de\\\/#organization\"},\"potentialAction\":[{\"@type\":\"SearchAction\",\"target\":{\"@type\":\"EntryPoint\",\"urlTemplate\":\"https:\\\/\\\/metamorfos.de\\\/?s={search_term_string}\"},\"query-input\":{\"@type\":\"PropertyValueSpecification\",\"valueRequired\":true,\"valueName\":\"search_term_string\"}}],\"inLanguage\":\"de\"},{\"@type\":\"Organization\",\"@id\":\"https:\\\/\\\/metamorfos.de\\\/#organization\",\"name\":\"Metamorfos\",\"url\":\"https:\\\/\\\/metamorfos.de\\\/\",\"logo\":{\"@type\":\"ImageObject\",\"inLanguage\":\"de\",\"@id\":\"https:\\\/\\\/metamorfos.de\\\/#\\\/schema\\\/logo\\\/image\\\/\",\"url\":\"https:\\\/\\\/i2.wp.com\\\/metamorfos.de\\\/wp-content\\\/uploads\\\/2021\\\/04\\\/web_logo_METAMORFOS_vertikal.png?fit=1200%2C275&ssl=1\",\"contentUrl\":\"https:\\\/\\\/i2.wp.com\\\/metamorfos.de\\\/wp-content\\\/uploads\\\/2021\\\/04\\\/web_logo_METAMORFOS_vertikal.png?fit=1200%2C275&ssl=1\",\"width\":1200,\"height\":275,\"caption\":\"Metamorfos\"},\"image\":{\"@id\":\"https:\\\/\\\/metamorfos.de\\\/#\\\/schema\\\/logo\\\/image\\\/\"},\"sameAs\":[\"https:\\\/\\\/www.instagram.com\\\/metamorfos.raumgestaltung\\\/\"]}]}<\/script>\n<!-- \/ Yoast SEO plugin. -->","yoast_head_json":{"title":"Impressum - Metamorfos Raumgestaltung","description":"Impressum von Metamorfos Raumgestaltung Lisa Portner.","robots":{"index":"index","follow":"follow","max-snippet":"max-snippet:-1","max-image-preview":"max-image-preview:large","max-video-preview":"max-video-preview:-1"},"canonical":"https:\/\/metamorfos.de\/index.php\/impressum\/","og_locale":"de_DE","og_type":"article","og_title":"Impressum - Metamorfos Raumgestaltung","og_description":"Impressum von Metamorfos Raumgestaltung Lisa Portner.","og_url":"https:\/\/metamorfos.de\/index.php\/impressum\/","og_site_name":"Metamorfos Raumgestaltung","article_modified_time":"2024-01-16T15:19:28+00:00","twitter_card":"summary_large_image","twitter_misc":{"Gesch\u00e4tzte Lesezeit":"3\u00a0Minuten"},"schema":{"@context":"https:\/\/schema.org","@graph":[{"@type":"WebPage","@id":"https:\/\/metamorfos.de\/index.php\/impressum\/","url":"https:\/\/metamorfos.de\/index.php\/impressum\/","name":"Impressum - Metamorfos Raumgestaltung","isPartOf":{"@id":"https:\/\/metamorfos.de\/#website"},"datePublished":"2021-04-23T07:09:58+00:00","dateModified":"2024-01-16T15:19:28+00:00","description":"Impressum von Metamorfos Raumgestaltung Lisa Portner.","breadcrumb":{"@id":"https:\/\/metamorfos.de\/index.php\/impressum\/#breadcrumb"},"inLanguage":"de","potentialAction":[{"@type":"ReadAction","target":["https:\/\/metamorfos.de\/index.php\/impressum\/"]}]},{"@type":"BreadcrumbList","@id":"https:\/\/metamorfos.de\/index.php\/impressum\/#breadcrumb","itemListElement":[{"@type":"ListItem","position":1,"name":"Startseite","item":"https:\/\/metamorfos.de\/"},{"@type":"ListItem","position":2,"name":"Impressum"}]},{"@type":"WebSite","@id":"https:\/\/metamorfos.de\/#website","url":"https:\/\/metamorfos.de\/","name":"Metamorfos Raumgestaltung","description":"HomeStaging &amp; Interior Design","publisher":{"@id":"https:\/\/metamorfos.de\/#organization"},"potentialAction":[{"@type":"SearchAction","target":{"@type":"EntryPoint","urlTemplate":"https:\/\/metamorfos.de\/?s={search_term_string}"},"query-input":{"@type":"PropertyValueSpecification","valueRequired":true,"valueName":"search_term_string"}}],"inLanguage":"de"},{"@type":"Organization","@id":"https:\/\/metamorfos.de\/#organization","name":"Metamorfos","url":"https:\/\/metamorfos.de\/","logo":{"@type":"ImageObject","inLanguage":"de","@id":"https:\/\/metamorfos.de\/#\/schema\/logo\/image\/","url":"https:\/\/i2.wp.com\/metamorfos.de\/wp-content\/uploads\/2021\/04\/web_logo_METAMORFOS_vertikal.png?fit=1200%2C275&ssl=1","contentUrl":"https:\/\/i2.wp.com\/metamorfos.de\/wp-content\/uploads\/2021\/04\/web_logo_METAMORFOS_vertikal.png?fit=1200%2C275&ssl=1","width":1200,"height":275,"caption":"Metamorfos"},"image":{"@id":"https:\/\/metamorfos.de\/#\/schema\/logo\/image\/"},"sameAs":["https:\/\/www.instagram.com\/metamorfos.raumgestaltung\/"]}]}},"jetpack-related-posts":[],"jetpack_sharing_enabled":true,"_links":{"self":[{"href":"https:\/\/metamorfos.de\/index.php\/wp-json\/wp\/v2\/pages\/1013","targetHints":{"allow":["GET"]}}],"collection":[{"href":"https:\/\/metamorfos.de\/index.php\/wp-json\/wp\/v2\/pages"}],"about":[{"href":"https:\/\/metamorfos.de\/index.php\/wp-json\/wp\/v2\/types\/page"}],"author":[{"embeddable":true,"href":"https:\/\/metamorfos.de\/index.php\/wp-json\/wp\/v2\/users\/1"}],"replies":[{"embeddable":true,"href":"https:\/\/metamorfos.de\/index.php\/wp-json\/wp\/v2\/comments?post=1013"}],"version-history":[{"count":24,"href":"https:\/\/metamorfos.de\/index.php\/wp-json\/wp\/v2\/pages\/1013\/revisions"}],"predecessor-version":[{"id":1312,"href":"https:\/\/metamorfos.de\/index.php\/wp-json\/wp\/v2\/pages\/1013\/revisions\/1312"}],"wp:attachment":[{"href":"https:\/\/metamorfos.de\/index.php\/wp-json\/wp\/v2\/media?parent=1013"}],"curies":[{"name":"wp","href":"https:\/\/api.w.org\/{rel}","templated":true}]}}